{"id":753,"date":"2024-02-16T20:55:44","date_gmt":"2024-02-16T19:55:44","guid":{"rendered":"http:\/\/go.5entwicklung.abw-services.de\/?post_type=product&#038;p=753"},"modified":"2025-11-17T15:35:16","modified_gmt":"2025-11-17T14:35:16","slug":"3inone","status":"publish","type":"product","link":"https:\/\/go.5entwicklung.abw-services.de\/en\/product\/3inone\/","title":{"rendered":"3inOne"},"content":{"rendered":"<p>Die neue Sporttasche 3inOne von Sauer Shooting-Sportswear wurde an die Anforderung von Sportsch\u00fctzen an Platzbedarf, Handling und Robustheit optimal angepasst. Ihre Abmessungen sind abgestimmt auf die speziellen Ma\u00dfe der Schie\u00dfsportbekleidung. Schie\u00dfjacke und Schie\u00dfhose k\u00f6nnen jeweils mit nur einer Faltung in der Tasche verstaut werden. So behalten sie ihre Festigkeit und St\u00fctzkraft lange bei. Dar\u00fcber hinaus bleibt gen\u00fcgend Raum f\u00fcr Schuhe, Handschuhe, Unterziehkleidung, Werkzeug und was der Sch\u00fctze sonst noch f\u00fcr die Aus\u00fcbung seines Sports ben\u00f6tigt. Das Besondere, worin sich die 3inOne von den meisten Sporttaschen unterscheidet, ist ihre Multifunktionalit\u00e4t.<\/p>\n<p><img decoding=\"async\" class=\"size-medium wp-image-3186 alignleft\" src=\"http:\/\/go.5entwicklung.abw-services.de\/wp-content\/uploads\/2024\/02\/Bildschirmfoto-2025-04-26-um-17.04.43-300x135.png\" alt=\"\" width=\"300\" height=\"135\" srcset=\"https:\/\/go.5entwicklung.abw-services.de\/wp-content\/uploads\/2024\/02\/Bildschirmfoto-2025-04-26-um-17.04.43-300x135.png 300w, https:\/\/go.5entwicklung.abw-services.de\/wp-content\/uploads\/2024\/02\/Bildschirmfoto-2025-04-26-um-17.04.43-scaled-600x271.png 600w, https:\/\/go.5entwicklung.abw-services.de\/wp-content\/uploads\/2024\/02\/Bildschirmfoto-2025-04-26-um-17.04.43-1024x462.png 1024w, https:\/\/go.5entwicklung.abw-services.de\/wp-content\/uploads\/2024\/02\/Bildschirmfoto-2025-04-26-um-17.04.43-768x347.png 768w, https:\/\/go.5entwicklung.abw-services.de\/wp-content\/uploads\/2024\/02\/Bildschirmfoto-2025-04-26-um-17.04.43-1536x694.png 1536w, https:\/\/go.5entwicklung.abw-services.de\/wp-content\/uploads\/2024\/02\/Bildschirmfoto-2025-04-26-um-17.04.43-2048x925.png 2048w, https:\/\/go.5entwicklung.abw-services.de\/wp-content\/uploads\/2024\/02\/Bildschirmfoto-2025-04-26-um-17.04.43-18x8.png 18w\" sizes=\"(max-width: 300px) 100vw, 300px\" \/><\/p>\n<p>&nbsp;<\/p>\n<p>&nbsp;<\/p>\n<p>&nbsp;<\/p>\n<p>&nbsp;<\/p>\n<p><img decoding=\"async\" class=\"alignnone size-medium wp-image-3188\" src=\"http:\/\/go.5entwicklung.abw-services.de\/wp-content\/uploads\/2024\/02\/Bildschirmfoto-2025-04-26-um-17.04.54-300x130.png\" alt=\"\" width=\"300\" height=\"130\" srcset=\"https:\/\/go.5entwicklung.abw-services.de\/wp-content\/uploads\/2024\/02\/Bildschirmfoto-2025-04-26-um-17.04.54-300x130.png 300w, https:\/\/go.5entwicklung.abw-services.de\/wp-content\/uploads\/2024\/02\/Bildschirmfoto-2025-04-26-um-17.04.54-scaled-600x260.png 600w, https:\/\/go.5entwicklung.abw-services.de\/wp-content\/uploads\/2024\/02\/Bildschirmfoto-2025-04-26-um-17.04.54-1024x445.png 1024w, https:\/\/go.5entwicklung.abw-services.de\/wp-content\/uploads\/2024\/02\/Bildschirmfoto-2025-04-26-um-17.04.54-768x333.png 768w, https:\/\/go.5entwicklung.abw-services.de\/wp-content\/uploads\/2024\/02\/Bildschirmfoto-2025-04-26-um-17.04.54-1536x667.png 1536w, https:\/\/go.5entwicklung.abw-services.de\/wp-content\/uploads\/2024\/02\/Bildschirmfoto-2025-04-26-um-17.04.54-2048x889.png 2048w, https:\/\/go.5entwicklung.abw-services.de\/wp-content\/uploads\/2024\/02\/Bildschirmfoto-2025-04-26-um-17.04.54-18x8.png 18w\" sizes=\"(max-width: 300px) 100vw, 300px\" \/><\/p>\n<p><img fetchpriority=\"high\" decoding=\"async\" class=\"size-medium wp-image-3187 alignleft\" src=\"http:\/\/go.5entwicklung.abw-services.de\/wp-content\/uploads\/2024\/02\/Bildschirmfoto-2025-04-26-um-17.05.13-300x205.png\" alt=\"\" width=\"300\" height=\"205\" srcset=\"https:\/\/go.5entwicklung.abw-services.de\/wp-content\/uploads\/2024\/02\/Bildschirmfoto-2025-04-26-um-17.05.13-300x205.png 300w, https:\/\/go.5entwicklung.abw-services.de\/wp-content\/uploads\/2024\/02\/Bildschirmfoto-2025-04-26-um-17.05.13-600x411.png 600w, https:\/\/go.5entwicklung.abw-services.de\/wp-content\/uploads\/2024\/02\/Bildschirmfoto-2025-04-26-um-17.05.13-1024x701.png 1024w, https:\/\/go.5entwicklung.abw-services.de\/wp-content\/uploads\/2024\/02\/Bildschirmfoto-2025-04-26-um-17.05.13-768x526.png 768w, https:\/\/go.5entwicklung.abw-services.de\/wp-content\/uploads\/2024\/02\/Bildschirmfoto-2025-04-26-um-17.05.13-1536x1051.png 1536w, https:\/\/go.5entwicklung.abw-services.de\/wp-content\/uploads\/2024\/02\/Bildschirmfoto-2025-04-26-um-17.05.13-2048x1402.png 2048w, https:\/\/go.5entwicklung.abw-services.de\/wp-content\/uploads\/2024\/02\/Bildschirmfoto-2025-04-26-um-17.05.13-18x12.png 18w\" sizes=\"(max-width: 300px) 100vw, 300px\" \/><\/p>","protected":false},"excerpt":{"rendered":"<ul>\n<li>Modell &#8211; 3inOne<\/li>\n<li>Artikel &#8211; 03.09.0.0.01.00.01<\/li>\n<li>Material &#8211; 100% strapazierf\u00e4higes Nylongewebe<\/li>\n<li>Color - black<\/li>\n<li>Gr\u00f6\u00dfe &#8211; one size<\/li>\n<li>Ma\u00dfe 3inOne &#8211; 90cm x 43cm x 26cm (HxBxT) (variierbar)<\/li>\n<li>Ma\u00dfe &#8211; Utensilo17cm x 24cm x 10cm (HxWxD)<\/li>\n<\/ul>","protected":false},"featured_media":754,"comment_status":"open","ping_status":"closed","template":"","meta":{"iawp_total_views":0},"product_brand":[],"product_cat":[30],"product_tag":[178],"class_list":{"0":"post-753","1":"product","2":"type-product","3":"status-publish","4":"has-post-thumbnail","6":"product_cat-zubehoehr","7":"product_tag-3inone","9":"first","10":"instock","11":"taxable","12":"shipping-taxable","13":"purchasable","14":"product-type-simple"},"_links":{"self":[{"href":"https:\/\/go.5entwicklung.abw-services.de\/en\/wp-json\/wp\/v2\/product\/753","targetHints":{"allow":["GET"]}}],"collection":[{"href":"https:\/\/go.5entwicklung.abw-services.de\/en\/wp-json\/wp\/v2\/product"}],"about":[{"href":"https:\/\/go.5entwicklung.abw-services.de\/en\/wp-json\/wp\/v2\/types\/product"}],"replies":[{"embeddable":true,"href":"https:\/\/go.5entwicklung.abw-services.de\/en\/wp-json\/wp\/v2\/comments?post=753"}],"wp:featuredmedia":[{"embeddable":true,"href":"https:\/\/go.5entwicklung.abw-services.de\/en\/wp-json\/wp\/v2\/media\/754"}],"wp:attachment":[{"href":"https:\/\/go.5entwicklung.abw-services.de\/en\/wp-json\/wp\/v2\/media?parent=753"}],"wp:term":[{"taxonomy":"product_brand","embeddable":true,"href":"https:\/\/go.5entwicklung.abw-services.de\/en\/wp-json\/wp\/v2\/product_brand?post=753"},{"taxonomy":"product_cat","embeddable":true,"href":"https:\/\/go.5entwicklung.abw-services.de\/en\/wp-json\/wp\/v2\/product_cat?post=753"},{"taxonomy":"product_tag","embeddable":true,"href":"https:\/\/go.5entwicklung.abw-services.de\/en\/wp-json\/wp\/v2\/product_tag?post=753"}],"curies":[{"name":"wp","href":"https:\/\/api.w.org\/{rel}","templated":true}]}}