{"id":5232,"date":"2023-10-06T10:54:03","date_gmt":"2023-10-06T08:54:03","guid":{"rendered":"https:\/\/go.5entwicklung.abw-services.de\/?post_type=product&#038;p=5232"},"modified":"2025-11-11T13:54:49","modified_gmt":"2025-11-11T12:54:49","slug":"schnuersenkel","status":"publish","type":"product","link":"https:\/\/go.5entwicklung.abw-services.de\/en\/product\/schnuersenkel\/","title":{"rendered":"Laces"},"content":{"rendered":"<p>Lorem Ipsum123-456<\/p>","protected":false},"excerpt":{"rendered":"<ul>\n<li>Artikel &#8211; 01.05.0.0.94.00.00<\/li>\n<li>Material &#8211; Polyester<\/li>\n<li>Farbe &#8211; rot, orange, gelb, hellgr\u00fcn, gr\u00fcn, silber, rosa, nelke, hellblau, dunkelblau, gr\u00fcn, schwarz, wei\u00df, t\u00fcrkis<\/li>\n<li>Gr\u00f6\u00dfen &#8211; universal<\/li>\n<\/ul>","protected":false},"featured_media":5625,"comment_status":"open","ping_status":"closed","template":"","meta":{"iawp_total_views":0},"product_brand":[],"product_cat":[27,15],"product_tag":[],"class_list":{"0":"post-5232","1":"product","2":"type-product","3":"status-publish","4":"has-post-thumbnail","6":"product_cat-schuhe","7":"product_cat-unkategorisiert","9":"first","10":"instock","11":"taxable","12":"shipping-taxable","13":"product-type-variable"},"_links":{"self":[{"href":"https:\/\/go.5entwicklung.abw-services.de\/en\/wp-json\/wp\/v2\/product\/5232","targetHints":{"allow":["GET"]}}],"collection":[{"href":"https:\/\/go.5entwicklung.abw-services.de\/en\/wp-json\/wp\/v2\/product"}],"about":[{"href":"https:\/\/go.5entwicklung.abw-services.de\/en\/wp-json\/wp\/v2\/types\/product"}],"replies":[{"embeddable":true,"href":"https:\/\/go.5entwicklung.abw-services.de\/en\/wp-json\/wp\/v2\/comments?post=5232"}],"wp:featuredmedia":[{"embeddable":true,"href":"https:\/\/go.5entwicklung.abw-services.de\/en\/wp-json\/wp\/v2\/media\/5625"}],"wp:attachment":[{"href":"https:\/\/go.5entwicklung.abw-services.de\/en\/wp-json\/wp\/v2\/media?parent=5232"}],"wp:term":[{"taxonomy":"product_brand","embeddable":true,"href":"https:\/\/go.5entwicklung.abw-services.de\/en\/wp-json\/wp\/v2\/product_brand?post=5232"},{"taxonomy":"product_cat","embeddable":true,"href":"https:\/\/go.5entwicklung.abw-services.de\/en\/wp-json\/wp\/v2\/product_cat?post=5232"},{"taxonomy":"product_tag","embeddable":true,"href":"https:\/\/go.5entwicklung.abw-services.de\/en\/wp-json\/wp\/v2\/product_tag?post=5232"}],"curies":[{"name":"wp","href":"https:\/\/api.w.org\/{rel}","templated":true}]}}