{"id":4707,"date":"2025-05-04T16:33:05","date_gmt":"2025-05-04T14:33:05","guid":{"rendered":"https:\/\/go.5entwicklung.abw-services.de\/?post_type=product&#038;p=4707"},"modified":"2025-12-12T14:57:01","modified_gmt":"2025-12-12T13:57:01","slug":"sauer-family-hoodie","status":"publish","type":"product","link":"https:\/\/go.5entwicklung.abw-services.de\/en\/product\/sauer-family-hoodie\/","title":{"rendered":"Sauer Family Hoodie"},"content":{"rendered":"<p>Be a part of SAUER FAMILY!<\/p>\n<div class=\"Y3BBE\" data-sfc-cp=\"\" data-hveid=\"CAEIBRAA\" data-processed=\"true\" data-complete=\"true\"><span class=\"T286Pc\" data-sfc-cp=\"\" data-complete=\"true\" data-processed=\"true\">Der\u00a0SAUER Hoodie kombiniert die traditionelle Qualit\u00e4t und Expertise der Marke Sauer mit einem modernen, bequemen Design, der auch in der Freizeit \u00fcberzeugt.<\/span><\/div>\n<div class=\"Y3BBE\" data-sfc-cp=\"\" data-hveid=\"CAEIBhAA\" data-processed=\"true\" data-complete=\"true\">Ob als w\u00e4rmende Schicht nach dem Training oder f\u00fcr entspannte Stunden zu Hause, dieser Hoodie bietet ein angenehmes Tragegef\u00fchl und eine robuste Verarbeitung, die den Anforderungen aller Bed\u00fcrfnisse gerecht wird.<br \/>\nDas dezente, aber markante Sauer-Logo signalisiert Kennern sofort Ihre Zugeh\u00f6rigkeit zur SAUER Family!<\/div>","protected":false},"excerpt":{"rendered":"<ul>\n<li>Modell &#8211; Sauer Family Hoodie<\/li>\n<li>Item No \u2013 01.02.0.0.99.00.00<\/li>\n<li>Material &#8211; 100% Baumwolle<\/li>\n<li>Gr\u00f6\u00dfe &#8211; XS, S, M, L, XL, XXL<\/li>\n<\/ul>","protected":false},"featured_media":6369,"comment_status":"open","ping_status":"closed","template":"","meta":{"iawp_total_views":0},"product_brand":[],"product_cat":[179],"product_tag":[],"class_list":{"0":"post-4707","1":"product","2":"type-product","3":"status-publish","4":"has-post-thumbnail","6":"product_cat-merchendise","8":"first","9":"instock","10":"taxable","11":"shipping-taxable","12":"purchasable","13":"product-type-variable"},"_links":{"self":[{"href":"https:\/\/go.5entwicklung.abw-services.de\/en\/wp-json\/wp\/v2\/product\/4707","targetHints":{"allow":["GET"]}}],"collection":[{"href":"https:\/\/go.5entwicklung.abw-services.de\/en\/wp-json\/wp\/v2\/product"}],"about":[{"href":"https:\/\/go.5entwicklung.abw-services.de\/en\/wp-json\/wp\/v2\/types\/product"}],"replies":[{"embeddable":true,"href":"https:\/\/go.5entwicklung.abw-services.de\/en\/wp-json\/wp\/v2\/comments?post=4707"}],"wp:featuredmedia":[{"embeddable":true,"href":"https:\/\/go.5entwicklung.abw-services.de\/en\/wp-json\/wp\/v2\/media\/6369"}],"wp:attachment":[{"href":"https:\/\/go.5entwicklung.abw-services.de\/en\/wp-json\/wp\/v2\/media?parent=4707"}],"wp:term":[{"taxonomy":"product_brand","embeddable":true,"href":"https:\/\/go.5entwicklung.abw-services.de\/en\/wp-json\/wp\/v2\/product_brand?post=4707"},{"taxonomy":"product_cat","embeddable":true,"href":"https:\/\/go.5entwicklung.abw-services.de\/en\/wp-json\/wp\/v2\/product_cat?post=4707"},{"taxonomy":"product_tag","embeddable":true,"href":"https:\/\/go.5entwicklung.abw-services.de\/en\/wp-json\/wp\/v2\/product_tag?post=4707"}],"curies":[{"name":"wp","href":"https:\/\/api.w.org\/{rel}","templated":true}]}}