{"id":2072,"date":"2024-03-18T16:21:17","date_gmt":"2024-03-18T15:21:17","guid":{"rendered":"http:\/\/go.5entwicklung.abw-services.de\/?post_type=product&#038;p=2072"},"modified":"2025-11-13T13:56:31","modified_gmt":"2025-11-13T12:56:31","slug":"auflageweste-standard-trend-sitzend","status":"publish","type":"product","link":"https:\/\/go.5entwicklung.abw-services.de\/en\/product\/auflageweste-standard-trend-sitzend\/","title":{"rendered":"Benchrest vest standard trend seated position"},"content":{"rendered":"<p>Die Sitzendweste \u201eStandard Trend Sitzend\u201c unterscheidet sich von der \u201eStandard Trend\u201c dadurch, dass der vordere Rumpfbereiche auf H\u00fcfth\u00f6he verk\u00fcrzt ist, damit im Sitzen kein Aufsetzen der Jacke auf den Oberschenkeln erfolgt. Das R\u00fcckenteil wiederum ist bogenf\u00f6rmig verl\u00e4ngert und st\u00fctzt so ein aufrechtes Sitzen.<\/p>","protected":false},"excerpt":{"rendered":"<ul>\n<li>Modell &#8211; Standard Trend Sitzend<\/li>\n<li>Artikel &#8211; 02.03.0.0.02.00.00<\/li>\n<li>Material &#8211; Obermaterial: 60% BW, 20% Rexin, 20 % Rindleder Innenfutter: 100 % BW<\/li>\n<li>Farbe &#8211; Wie abgebildet: orange \/ schwarz<\/li>\n<li>Gr\u00f6\u00dfe &#8211; G\u00e4ngige Konfektionsgr\u00f6\u00dfen. Damen 36-48, Herren 44-64, 90-102 und 24-29, Keine Ma\u00dfanfertigung und \u00c4nderungen m\u00f6glich. Farb- und Modell\u00e4nderungen vorbehalten.<\/li>\n<\/ul>","protected":false},"featured_media":3194,"comment_status":"open","ping_status":"closed","template":"","meta":{"iawp_total_views":0},"product_brand":[],"product_cat":[164],"product_tag":[],"class_list":{"0":"post-2072","1":"product","2":"type-product","3":"status-publish","4":"has-post-thumbnail","6":"product_cat-standard-trend-programm","8":"first","9":"instock","10":"taxable","11":"shipping-taxable","12":"purchasable","13":"product-type-simple"},"_links":{"self":[{"href":"https:\/\/go.5entwicklung.abw-services.de\/en\/wp-json\/wp\/v2\/product\/2072","targetHints":{"allow":["GET"]}}],"collection":[{"href":"https:\/\/go.5entwicklung.abw-services.de\/en\/wp-json\/wp\/v2\/product"}],"about":[{"href":"https:\/\/go.5entwicklung.abw-services.de\/en\/wp-json\/wp\/v2\/types\/product"}],"replies":[{"embeddable":true,"href":"https:\/\/go.5entwicklung.abw-services.de\/en\/wp-json\/wp\/v2\/comments?post=2072"}],"wp:featuredmedia":[{"embeddable":true,"href":"https:\/\/go.5entwicklung.abw-services.de\/en\/wp-json\/wp\/v2\/media\/3194"}],"wp:attachment":[{"href":"https:\/\/go.5entwicklung.abw-services.de\/en\/wp-json\/wp\/v2\/media?parent=2072"}],"wp:term":[{"taxonomy":"product_brand","embeddable":true,"href":"https:\/\/go.5entwicklung.abw-services.de\/en\/wp-json\/wp\/v2\/product_brand?post=2072"},{"taxonomy":"product_cat","embeddable":true,"href":"https:\/\/go.5entwicklung.abw-services.de\/en\/wp-json\/wp\/v2\/product_cat?post=2072"},{"taxonomy":"product_tag","embeddable":true,"href":"https:\/\/go.5entwicklung.abw-services.de\/en\/wp-json\/wp\/v2\/product_tag?post=2072"}],"curies":[{"name":"wp","href":"https:\/\/api.w.org\/{rel}","templated":true}]}}