{"id":2056,"date":"2024-03-18T15:09:21","date_gmt":"2024-03-18T14:09:21","guid":{"rendered":"http:\/\/go.5entwicklung.abw-services.de\/?post_type=product&#038;p=2056"},"modified":"2025-11-25T15:57:32","modified_gmt":"2025-11-25T14:57:32","slug":"standard-hose","status":"publish","type":"product","link":"https:\/\/go.5entwicklung.abw-services.de\/en\/product\/standard-hose\/","title":{"rendered":"Standard trousers"},"content":{"rendered":"<p>Die Schie\u00dfhose Modell Standard wird aus Doppelleinen gefertigt. Beide Kniepolster an den Hosenbeinen bestehen aus einem rutschhemmenden Gummibelag. An der R\u00fcckseite der Hosenbeine befinden sich jeweils ein 2-Wege Rei\u00dfverschluss. Geschlossen wird die Hose mit einem schr\u00e4g verlaufenden Klettverschluss und, zur besseren Weitenregulierung, mit Haken und 4-\u00d6sen am Bund.<\/p>","protected":false},"excerpt":{"rendered":"<ul>\n<li>Modell &#8211; Schie\u00dfhose \u201eStandard\u201c<\/li>\n<li>Artikel &#8211; 02.02.0.0.01.00.00<\/li>\n<li>Material &#8211; 100% Baumwolle, Besatz aus Kautschukbelag, Futter: 100% Baumwolle<\/li>\n<li>Farbe &#8211; Wie abgebildet: blau\/schwarz<\/li>\n<li>Gr\u00f6\u00dfe &#8211; Damen 36\u201344, Herren 44-60, 94-102 und 24-29, Kinder 152\u2013176, 90-102 und 24-29, Keine Ma\u00dfanfertigung und \u00c4nderungen m\u00f6glich. Farb- und Modell\u00e4nderungen vorbehalten.<\/li>\n<\/ul>","protected":false},"featured_media":2118,"comment_status":"open","ping_status":"closed","template":"","meta":{"iawp_total_views":0},"product_brand":[],"product_cat":[163],"product_tag":[],"class_list":{"0":"post-2056","1":"product","2":"type-product","3":"status-publish","4":"has-post-thumbnail","6":"product_cat-standard-programm","8":"first","9":"instock","10":"taxable","11":"shipping-taxable","12":"purchasable","13":"product-type-variable"},"_links":{"self":[{"href":"https:\/\/go.5entwicklung.abw-services.de\/en\/wp-json\/wp\/v2\/product\/2056","targetHints":{"allow":["GET"]}}],"collection":[{"href":"https:\/\/go.5entwicklung.abw-services.de\/en\/wp-json\/wp\/v2\/product"}],"about":[{"href":"https:\/\/go.5entwicklung.abw-services.de\/en\/wp-json\/wp\/v2\/types\/product"}],"replies":[{"embeddable":true,"href":"https:\/\/go.5entwicklung.abw-services.de\/en\/wp-json\/wp\/v2\/comments?post=2056"}],"wp:featuredmedia":[{"embeddable":true,"href":"https:\/\/go.5entwicklung.abw-services.de\/en\/wp-json\/wp\/v2\/media\/2118"}],"wp:attachment":[{"href":"https:\/\/go.5entwicklung.abw-services.de\/en\/wp-json\/wp\/v2\/media?parent=2056"}],"wp:term":[{"taxonomy":"product_brand","embeddable":true,"href":"https:\/\/go.5entwicklung.abw-services.de\/en\/wp-json\/wp\/v2\/product_brand?post=2056"},{"taxonomy":"product_cat","embeddable":true,"href":"https:\/\/go.5entwicklung.abw-services.de\/en\/wp-json\/wp\/v2\/product_cat?post=2056"},{"taxonomy":"product_tag","embeddable":true,"href":"https:\/\/go.5entwicklung.abw-services.de\/en\/wp-json\/wp\/v2\/product_tag?post=2056"}],"curies":[{"name":"wp","href":"https:\/\/api.w.org\/{rel}","templated":true}]}}