{"id":2046,"date":"2024-03-18T13:51:35","date_gmt":"2024-03-18T12:51:35","guid":{"rendered":"http:\/\/go.5entwicklung.abw-services.de\/?post_type=product&#038;p=2046"},"modified":"2025-11-25T14:22:11","modified_gmt":"2025-11-25T13:22:11","slug":"schiesshose-standard-mix","status":"publish","type":"product","link":"https:\/\/go.5entwicklung.abw-services.de\/en\/product\/schiesshose-standard-mix\/","title":{"rendered":"Standard Mix trousers"},"content":{"rendered":"<p>\u201eStandard Mix\u201d hei\u00dfen die neuesten Jacken- und Hosenmodelle aus dem Hause Sauer. Es handelt sich dabei um eine Erweiterung des eingef\u00fchrten Standardprogramms. Die \u201eMix\u201d-Modelle sind im Vergleich zu den \u201eStandard\u201c Jacken und Hosen anspruchsvoller in der Qualit\u00e4t der verwendeten Materialien und der Verarbeitung. Alle Produkte des Sauer Standardprogramms, sind ausschlie\u00dflich in vorgegebenen Farbkombinationen und in g\u00e4ngigen Konfektionsgr\u00f6\u00dfen erh\u00e4ltlich. Nur so sind ihre g\u00fcnstigen Preise zu gew\u00e4hrleisten. Die Schie\u00dfjacke \u201eStandard Mix\u201d besteht aus einem abgestimmten Materialmix aus Leinen (Doppelleinen), Leder, hochwertigem Anti-Rutsch-Belag und \u2013 ganz neu \u2013 aus atmungsaktivem Leinen, einem Synthetikmaterial am Vorder\u00e4rmel. Die R\u00fcckseiten der \u00c4rmel ist aus Leinen gefertigt. An beiden Ellenbogen und im Gewehranschlagbereich ist rutschhemmender, hochwertiger Top-Grip-Belag verarbeitet. Im Achselbereich am unteren \u00c4rmelansatz wurde, zur besseren Beweglichkeit in der Anschlagposition, ein Einsatz aus dehnbarem Material eingen\u00e4ht. Die Schulterschnalle, zum Niederhalten von Materialansammlungen im Anschlag und die Schie\u00dfriemenaufh\u00e4ngung bestehen aus formstabilem Kunststoffmaterial.<\/p>","protected":false},"excerpt":{"rendered":"<ul>\n<li>Modell &#8211; Schie\u00dfhose Standard Mix<\/li>\n<li>Artikel &#8211; 02.02.0.0.02.00.00<\/li>\n<li>Material &#8211; 100% Baumwolle, Rindleder, Top-Grip (100 % Kautschuk)<\/li>\n<li>Farbe &#8211; Wie abgebildet: schwarz, gr\u00fcn<\/li>\n<li>Gr\u00f6\u00dfe &#8211; G\u00e4ngige Konfektionsgr\u00f6\u00dfen. Damen 36-46, Herren 44-60, 90-102 und 24-29. Keine Ma\u00dfanfertigung m\u00f6glich. \u00c4nderungen sind nur gegen Berechnung m\u00f6glich. Farb- und Modell\u00e4nderungen vorbehalten. Farb- und Modell\u00e4nderungen vorbehalten.<\/li>\n<\/ul>","protected":false},"featured_media":3193,"comment_status":"open","ping_status":"closed","template":"","meta":{"iawp_total_views":0},"product_brand":[],"product_cat":[162],"product_tag":[],"class_list":{"0":"post-2046","1":"product","2":"type-product","3":"status-publish","4":"has-post-thumbnail","6":"product_cat-standard-mix-programm","8":"first","9":"instock","10":"taxable","11":"shipping-taxable","12":"purchasable","13":"product-type-variable"},"_links":{"self":[{"href":"https:\/\/go.5entwicklung.abw-services.de\/en\/wp-json\/wp\/v2\/product\/2046","targetHints":{"allow":["GET"]}}],"collection":[{"href":"https:\/\/go.5entwicklung.abw-services.de\/en\/wp-json\/wp\/v2\/product"}],"about":[{"href":"https:\/\/go.5entwicklung.abw-services.de\/en\/wp-json\/wp\/v2\/types\/product"}],"replies":[{"embeddable":true,"href":"https:\/\/go.5entwicklung.abw-services.de\/en\/wp-json\/wp\/v2\/comments?post=2046"}],"wp:featuredmedia":[{"embeddable":true,"href":"https:\/\/go.5entwicklung.abw-services.de\/en\/wp-json\/wp\/v2\/media\/3193"}],"wp:attachment":[{"href":"https:\/\/go.5entwicklung.abw-services.de\/en\/wp-json\/wp\/v2\/media?parent=2046"}],"wp:term":[{"taxonomy":"product_brand","embeddable":true,"href":"https:\/\/go.5entwicklung.abw-services.de\/en\/wp-json\/wp\/v2\/product_brand?post=2046"},{"taxonomy":"product_cat","embeddable":true,"href":"https:\/\/go.5entwicklung.abw-services.de\/en\/wp-json\/wp\/v2\/product_cat?post=2046"},{"taxonomy":"product_tag","embeddable":true,"href":"https:\/\/go.5entwicklung.abw-services.de\/en\/wp-json\/wp\/v2\/product_tag?post=2046"}],"curies":[{"name":"wp","href":"https:\/\/api.w.org\/{rel}","templated":true}]}}